{"id":18331,"date":"2024-11-15T15:57:21","date_gmt":"2024-11-15T12:57:21","guid":{"rendered":"https:\/\/webdeol.com\/krom\/?post_type=product&#038;p=18331"},"modified":"2026-01-19T17:40:50","modified_gmt":"2026-01-19T14:40:50","slug":"model-103-ex103","status":"publish","type":"product","link":"https:\/\/kromevye.com.tr\/de\/product\/model-103-ex103\/","title":{"rendered":"Undermount 103 | EX103"},"content":{"rendered":"\t\t<div data-elementor-type=\"wp-post\" data-elementor-id=\"18331\" class=\"elementor elementor-18331\">\n\t\t\t\t<div class=\"elementor-element elementor-element-19bade5 elementor-hidden-desktop elementor-hidden-laptop elementor-hidden-tablet_extra elementor-hidden-tablet elementor-hidden-mobile_extra elementor-hidden-mobile e-flex e-con-boxed e-con e-parent\" data-id=\"19bade5\" data-element_type=\"container\" data-e-type=\"container\">\n\t\t\t\t\t<div class=\"e-con-inner\">\n\t\t\t\t<div class=\"elementor-element elementor-element-b3d3cb8 e-n-tabs-mobile elementor-widget elementor-widget-n-tabs\" data-id=\"b3d3cb8\" data-element_type=\"widget\" data-e-type=\"widget\" data-settings=\"{&quot;tabs_justify_horizontal&quot;:&quot;start&quot;,&quot;horizontal_scroll&quot;:&quot;disable&quot;}\" data-widget_type=\"nested-tabs.default\">\n\t\t\t\t<div class=\"elementor-widget-container\">\n\t\t\t\t\t\t\t<div class=\"e-n-tabs\" data-widget-number=\"188562616\" aria-label=\"Tabs. Open items with Enter or Space, close with Escape and navigate using the Arrow keys.\">\n\t\t\t<div class=\"e-n-tabs-heading\" role=\"tablist\">\n\t\t\t\t\t<button id=\"e-n-tab-title-1885626161\" data-tab-title-id=\"e-n-tab-title-1885626161\" class=\"e-n-tab-title\" aria-selected=\"true\" data-tab-index=\"1\" role=\"tab\" tabindex=\"0\" aria-controls=\"e-n-tab-content-1885626161\" style=\"--n-tabs-title-order: 1;\">\n\t\t\t\t\t\t<span class=\"e-n-tab-title-text\">\n\t\t\t\t\u00dcr\u00fcn Teknik Resimleri\t\t\t<\/span>\n\t\t<\/button>\n\t\t\t\t<button id=\"e-n-tab-title-1885626162\" data-tab-title-id=\"e-n-tab-title-1885626162\" class=\"e-n-tab-title\" aria-selected=\"false\" data-tab-index=\"2\" role=\"tab\" tabindex=\"-1\" aria-controls=\"e-n-tab-content-1885626162\" style=\"--n-tabs-title-order: 2;\">\n\t\t\t\t\t\t<span class=\"e-n-tab-title-text\">\n\t\t\t\tAksesuarlar\t\t\t<\/span>\n\t\t<\/button>\n\t\t\t\t\t<\/div>\n\t\t\t<div class=\"e-n-tabs-content\">\n\t\t\t\t<div id=\"e-n-tab-content-1885626161\" role=\"tabpanel\" aria-labelledby=\"e-n-tab-title-1885626161\" data-tab-index=\"1\" style=\"--n-tabs-title-order: 1;\" class=\"e-active elementor-element elementor-element-f3e41e3 e-con-full e-flex e-con e-child\" data-id=\"f3e41e3\" data-element_type=\"container\" data-e-type=\"container\">\n\t\t<div class=\"elementor-element elementor-element-78b95ea e-con-full e-flex e-con e-child\" data-id=\"78b95ea\" data-element_type=\"container\" data-e-type=\"container\">\n\t\t\t\t<div class=\"elementor-element elementor-element-2d5fdc6 elementor-widget elementor-widget-image\" data-id=\"2d5fdc6\" data-element_type=\"widget\" data-e-type=\"widget\" data-widget_type=\"image.default\">\n\t\t\t\t<div class=\"elementor-widget-container\">\n\t\t\t\t\t\t\t\t\t\t\t\t\t\t\t<img decoding=\"async\" width=\"230\" height=\"160\" src=\"https:\/\/kromevye.com.tr\/de\/wp-content\/uploads\/2024\/11\/ex103-1.jpg\" class=\"attachment-large size-large wp-image-18333\" alt=\"\" \/>\t\t\t\t\t\t\t\t\t\t\t\t\t\t\t<\/div>\n\t\t\t\t<\/div>\n\t\t\t\t<\/div>\n\t\t<div class=\"elementor-element elementor-element-c597df4 e-con-full e-flex e-con e-child\" data-id=\"c597df4\" data-element_type=\"container\" data-e-type=\"container\">\n\t\t\t\t<div class=\"elementor-element elementor-element-ea9186d elementor-widget elementor-widget-image\" data-id=\"ea9186d\" data-element_type=\"widget\" data-e-type=\"widget\" data-widget_type=\"image.default\">\n\t\t\t\t<div class=\"elementor-widget-container\">\n\t\t\t\t\t\t\t\t\t\t\t\t\t\t\t<img decoding=\"async\" width=\"230\" height=\"160\" src=\"https:\/\/kromevye.com.tr\/de\/wp-content\/uploads\/2024\/11\/ex103-2.jpg\" class=\"attachment-large size-large wp-image-18334\" alt=\"\" \/>\t\t\t\t\t\t\t\t\t\t\t\t\t\t\t<\/div>\n\t\t\t\t<\/div>\n\t\t\t\t<\/div>\n\t\t\t\t<\/div>\n\t\t<div id=\"e-n-tab-content-1885626162\" role=\"tabpanel\" aria-labelledby=\"e-n-tab-title-1885626162\" data-tab-index=\"2\" style=\"--n-tabs-title-order: 2;\" class=\" elementor-element elementor-element-49431c1 e-con-full e-flex e-con e-child\" data-id=\"49431c1\" data-element_type=\"container\" data-e-type=\"container\">\n\t\t\t\t<div class=\"elementor-element elementor-element-421497a elementor-widget elementor-widget-text-editor\" data-id=\"421497a\" data-element_type=\"widget\" data-e-type=\"widget\" data-widget_type=\"text-editor.default\">\n\t\t\t\t<div class=\"elementor-widget-container\">\n\t\t\t\t\t\t\t\t\t<h4>Sifonlar<\/h4>\t\t\t\t\t\t\t\t<\/div>\n\t\t\t\t<\/div>\n\t\t\t\t<div class=\"elementor-element elementor-element-26bb20d elementor-widget elementor-widget-image-gallery\" data-id=\"26bb20d\" data-element_type=\"widget\" data-e-type=\"widget\" data-widget_type=\"image-gallery.default\">\n\t\t\t\t<div class=\"elementor-widget-container\">\n\t\t\t\t\t\t\t<div class=\"elementor-image-gallery\">\n\t\t\t<div id='gallery-1' class='gallery galleryid-18331 gallery-columns-5 gallery-size-thumbnail'><figure class='gallery-item'>\n\t\t\t<div class='gallery-icon landscape'>\n\t\t\t\t<a data-elementor-open-lightbox=\"yes\" data-elementor-lightbox-slideshow=\"26bb20d\" data-elementor-lightbox-title=\"s701k\" data-e-action-hash=\"#elementor-action%3Aaction%3Dlightbox%26settings%3DeyJpZCI6MTcwNjcsInVybCI6Imh0dHBzOlwvXC9rcm9tZXZ5ZS5jb20udHJcL2RlXC93cC1jb250ZW50XC91cGxvYWRzXC8yMDI0XC8xMVwvczcwMWstMS5qcGciLCJzbGlkZXNob3ciOiIyNmJiMjBkIn0%3D\" href='https:\/\/kromevye.com.tr\/de\/wp-content\/uploads\/2024\/11\/s701k-1.jpg'><img decoding=\"async\" width=\"150\" height=\"150\" src=\"https:\/\/kromevye.com.tr\/de\/wp-content\/uploads\/2024\/11\/s701k-1-150x150.jpg\" class=\"attachment-thumbnail size-thumbnail\" alt=\"\" aria-describedby=\"gallery-1-17067\" srcset=\"https:\/\/kromevye.com.tr\/de\/wp-content\/uploads\/2024\/11\/s701k-1-150x150.jpg 150w, https:\/\/kromevye.com.tr\/de\/wp-content\/uploads\/2024\/11\/s701k-1-110x110.jpg 110w\" sizes=\"(max-width: 150px) 100vw, 150px\" \/><\/a>\n\t\t\t<\/div>\n\t\t\t\t<figcaption class='wp-caption-text gallery-caption' id='gallery-1-17067'>\n\t\t\t\t<b>S701K<\/b><br \/> \u00f890mm &#8211; Single waste with overflow from bowl\n\t\t\t\t<\/figcaption><\/figure><figure class='gallery-item'>\n\t\t\t<div class='gallery-icon landscape'>\n\t\t\t\t<a data-elementor-open-lightbox=\"yes\" data-elementor-lightbox-slideshow=\"26bb20d\" data-elementor-lightbox-title=\"s702k\" data-e-action-hash=\"#elementor-action%3Aaction%3Dlightbox%26settings%3DeyJpZCI6MTcwMDksInVybCI6Imh0dHBzOlwvXC9rcm9tZXZ5ZS5jb20udHJcL2RlXC93cC1jb250ZW50XC91cGxvYWRzXC8yMDI0XC8xMVwvczcwMmsuanBnIiwic2xpZGVzaG93IjoiMjZiYjIwZCJ9\" href='https:\/\/kromevye.com.tr\/de\/wp-content\/uploads\/2024\/11\/s702k.jpg'><img loading=\"lazy\" decoding=\"async\" width=\"150\" height=\"150\" src=\"https:\/\/kromevye.com.tr\/de\/wp-content\/uploads\/2024\/11\/s702k-150x150.jpg\" class=\"attachment-thumbnail size-thumbnail\" alt=\"\" aria-describedby=\"gallery-1-17009\" srcset=\"https:\/\/kromevye.com.tr\/de\/wp-content\/uploads\/2024\/11\/s702k-150x150.jpg 150w, https:\/\/kromevye.com.tr\/de\/wp-content\/uploads\/2024\/11\/s702k-110x110.jpg 110w\" sizes=\"(max-width: 150px) 100vw, 150px\" \/><\/a>\n\t\t\t<\/div>\n\t\t\t\t<figcaption class='wp-caption-text gallery-caption' id='gallery-1-17009'>\n\t\t\t\t<b>S702KD<\/b><br \/> \u00f890mm &#8211; Automatic single siphon with overflow\n\t\t\t\t<\/figcaption><\/figure>\n\t\t<\/div>\n\t\t<\/div>\n\t\t\t\t\t\t<\/div>\n\t\t\t\t<\/div>\n\t\t\t\t<div class=\"elementor-element elementor-element-5c7a6f9 elementor-widget elementor-widget-text-editor\" data-id=\"5c7a6f9\" data-element_type=\"widget\" data-e-type=\"widget\" data-widget_type=\"text-editor.default\">\n\t\t\t\t<div class=\"elementor-widget-container\">\n\t\t\t\t\t\t\t\t\t<h4>Sepetler<\/h4>\t\t\t\t\t\t\t\t<\/div>\n\t\t\t\t<\/div>\n\t\t\t\t<div class=\"elementor-element elementor-element-6be16d0 elementor-widget elementor-widget-image-gallery\" data-id=\"6be16d0\" data-element_type=\"widget\" data-e-type=\"widget\" data-widget_type=\"image-gallery.default\">\n\t\t\t\t<div class=\"elementor-widget-container\">\n\t\t\t\t\t\t\t<div class=\"elementor-image-gallery\">\n\t\t\t<div id='gallery-2' class='gallery galleryid-18331 gallery-columns-5 gallery-size-thumbnail'><figure class='gallery-item'>\n\t\t\t<div class='gallery-icon landscape'>\n\t\t\t\t<a data-elementor-open-lightbox=\"yes\" data-elementor-lightbox-slideshow=\"6be16d0\" data-elementor-lightbox-title=\"s801\" data-e-action-hash=\"#elementor-action%3Aaction%3Dlightbox%26settings%3DeyJpZCI6MTcyMTksInVybCI6Imh0dHBzOlwvXC9rcm9tZXZ5ZS5jb20udHJcL2RlXC93cC1jb250ZW50XC91cGxvYWRzXC8yMDI0XC8xMVwvczgwMS0xLmpwZyIsInNsaWRlc2hvdyI6IjZiZTE2ZDAifQ%3D%3D\" href='https:\/\/kromevye.com.tr\/de\/wp-content\/uploads\/2024\/11\/s801-1.jpg'><img loading=\"lazy\" decoding=\"async\" width=\"150\" height=\"150\" src=\"https:\/\/kromevye.com.tr\/de\/wp-content\/uploads\/2024\/11\/s801-1-150x150.jpg\" class=\"attachment-thumbnail size-thumbnail\" alt=\"\" aria-describedby=\"gallery-2-17219\" srcset=\"https:\/\/kromevye.com.tr\/de\/wp-content\/uploads\/2024\/11\/s801-1-150x150.jpg 150w, https:\/\/kromevye.com.tr\/de\/wp-content\/uploads\/2024\/11\/s801-1-110x110.jpg 110w\" sizes=\"(max-width: 150px) 100vw, 150px\" \/><\/a>\n\t\t\t<\/div>\n\t\t\t\t<figcaption class='wp-caption-text gallery-caption' id='gallery-2-17219'>\n\t\t\t\t<b>S801<\/b><br \/> \u00f8 340 mm X H 110 mm\n\t\t\t\t<\/figcaption><\/figure>\n\t\t<\/div>\n\t\t<\/div>\n\t\t\t\t\t\t<\/div>\n\t\t\t\t<\/div>\n\t\t\t\t<div class=\"elementor-element elementor-element-8e1d753 elementor-widget elementor-widget-text-editor\" data-id=\"8e1d753\" data-element_type=\"widget\" data-e-type=\"widget\" data-widget_type=\"text-editor.default\">\n\t\t\t\t<div class=\"elementor-widget-container\">\n\t\t\t\t\t\t\t\t\t<h4>Do\u011frama Tahtas\u0131<\/h4>\t\t\t\t\t\t\t\t<\/div>\n\t\t\t\t<\/div>\n\t\t\t\t<div class=\"elementor-element elementor-element-3ccd358 elementor-widget elementor-widget-image-gallery\" data-id=\"3ccd358\" data-element_type=\"widget\" data-e-type=\"widget\" data-widget_type=\"image-gallery.default\">\n\t\t\t\t<div class=\"elementor-widget-container\">\n\t\t\t\t\t\t\t<div class=\"elementor-image-gallery\">\n\t\t\t<div id='gallery-3' class='gallery galleryid-18331 gallery-columns-5 gallery-size-thumbnail'><figure class='gallery-item'>\n\t\t\t<div class='gallery-icon landscape'>\n\t\t\t\t<a data-elementor-open-lightbox=\"yes\" data-elementor-lightbox-slideshow=\"3ccd358\" data-elementor-lightbox-title=\"s902\" data-e-action-hash=\"#elementor-action%3Aaction%3Dlightbox%26settings%3DeyJpZCI6MTczNTAsInVybCI6Imh0dHBzOlwvXC9rcm9tZXZ5ZS5jb20udHJcL2RlXC93cC1jb250ZW50XC91cGxvYWRzXC8yMDI0XC8xMVwvczkwMi5qcGciLCJzbGlkZXNob3ciOiIzY2NkMzU4In0%3D\" href='https:\/\/kromevye.com.tr\/de\/wp-content\/uploads\/2024\/11\/s902.jpg'><img loading=\"lazy\" decoding=\"async\" width=\"150\" height=\"150\" src=\"https:\/\/kromevye.com.tr\/de\/wp-content\/uploads\/2024\/11\/s902-150x150.jpg\" class=\"attachment-thumbnail size-thumbnail\" alt=\"\" aria-describedby=\"gallery-3-17350\" srcset=\"https:\/\/kromevye.com.tr\/de\/wp-content\/uploads\/2024\/11\/s902-150x150.jpg 150w, https:\/\/kromevye.com.tr\/de\/wp-content\/uploads\/2024\/11\/s902-110x110.jpg 110w\" sizes=\"(max-width: 150px) 100vw, 150px\" \/><\/a>\n\t\t\t<\/div>\n\t\t\t\t<figcaption class='wp-caption-text gallery-caption' id='gallery-3-17350'>\n\t\t\t\t<b>S902<\/b><br \/> \u00f8380mm circle beech chopping board\n\t\t\t\t<\/figcaption><\/figure>\n\t\t<\/div>\n\t\t<\/div>\n\t\t\t\t\t\t<\/div>\n\t\t\t\t<\/div>\n\t\t\t\t<\/div>\n\t\t\t\t\t<\/div>\n\t\t<\/div>\n\t\t\t\t\t\t<\/div>\n\t\t\t\t<\/div>\n\t\t\t\t\t<\/div>\n\t\t\t\t<\/div>\n\t\t\t\t<\/div>\n\t\t","protected":false},"excerpt":{"rendered":"<p>Sp\u00fclbeckenma\u00dfe: \u00d8 38 cm<br \/>\nSt\u00e4rke: 0,80 cm<br \/>\nBeckenma\u00dfe: \u00d8 380 x 200 mm<br \/>\nUnterschrankma\u00dfe: 40 cm<br \/>\nOberfl\u00e4che: Poliert \/ Leinenoptik<br \/>\nBeckenposition: Wendbar<br \/>\nMaterial: Edelstahl<\/p>\n","protected":false},"featured_media":18321,"template":"","meta":{"inline_featured_image":false},"product_cat":[231],"product_tag":[],"class_list":{"0":"post-18331","1":"product","2":"type-product","3":"status-publish","4":"has-post-thumbnail","6":"product_cat-single-bowl-sink","7":"pa_bowl-number-double","9":"first","10":"instock","11":"shipping-taxable","12":"product-type-simple"},"_links":{"self":[{"href":"https:\/\/kromevye.com.tr\/de\/wp-json\/wp\/v2\/product\/18331","targetHints":{"allow":["GET"]}}],"collection":[{"href":"https:\/\/kromevye.com.tr\/de\/wp-json\/wp\/v2\/product"}],"about":[{"href":"https:\/\/kromevye.com.tr\/de\/wp-json\/wp\/v2\/types\/product"}],"version-history":[{"count":14,"href":"https:\/\/kromevye.com.tr\/de\/wp-json\/wp\/v2\/product\/18331\/revisions"}],"predecessor-version":[{"id":26711,"href":"https:\/\/kromevye.com.tr\/de\/wp-json\/wp\/v2\/product\/18331\/revisions\/26711"}],"wp:featuredmedia":[{"embeddable":true,"href":"https:\/\/kromevye.com.tr\/de\/wp-json\/wp\/v2\/media\/18321"}],"wp:attachment":[{"href":"https:\/\/kromevye.com.tr\/de\/wp-json\/wp\/v2\/media?parent=18331"}],"wp:term":[{"taxonomy":"product_cat","embeddable":true,"href":"https:\/\/kromevye.com.tr\/de\/wp-json\/wp\/v2\/product_cat?post=18331"},{"taxonomy":"product_tag","embeddable":true,"href":"https:\/\/kromevye.com.tr\/de\/wp-json\/wp\/v2\/product_tag?post=18331"}],"curies":[{"name":"wp","href":"https:\/\/api.w.org\/{rel}","templated":true}]}}