{"id":34,"date":"2022-06-04T03:28:27","date_gmt":"2022-06-04T03:28:27","guid":{"rendered":"http:\/\/source.wpopal.com\/kitchor\/?page_id=34"},"modified":"2025-12-19T21:22:14","modified_gmt":"2025-12-19T18:22:14","slug":"uber-uns","status":"publish","type":"page","link":"https:\/\/kromevye.com.tr\/de\/uber-uns\/","title":{"rendered":"\u00dcber uns"},"content":{"rendered":"\t\t<div data-elementor-type=\"wp-page\" data-elementor-id=\"34\" class=\"elementor elementor-34\">\n\t\t\t\t\t\t<div class=\"elementor-section elementor-top-section elementor-element elementor-element-c8ae70c elementor-section-stretched elementor-section-boxed elementor-section-height-default elementor-section-height-default\" data-id=\"c8ae70c\" data-element_type=\"section\" data-e-type=\"section\" data-settings=\"{&quot;stretch_section&quot;:&quot;section-stretched&quot;}\">\n\t\t\t\t\t\t<div class=\"elementor-container elementor-column-gap-no\">\n\t\t\t\t\t<div class=\"elementor-column elementor-col-50 elementor-top-column elementor-element elementor-element-33eed40\" data-id=\"33eed40\" data-element_type=\"column\" data-e-type=\"column\">\n\t\t\t<div class=\"elementor-widget-wrap elementor-element-populated\">\n\t\t\t\t\t\t<div class=\"elementor-element elementor-element-eb9ed73 elementor-widget elementor-widget-image\" data-id=\"eb9ed73\" data-element_type=\"widget\" data-e-type=\"widget\" data-widget_type=\"image.default\">\n\t\t\t\t<div class=\"elementor-widget-container\">\n\t\t\t\t\t\t\t\t\t\t\t\t\t\t\t<img fetchpriority=\"high\" decoding=\"async\" width=\"630\" height=\"580\" src=\"https:\/\/kromevye.com.tr\/de\/wp-content\/uploads\/2022\/06\/About2_01.jpg\" class=\"attachment-full size-full wp-image-1543\" alt=\"\" srcset=\"https:\/\/kromevye.com.tr\/de\/wp-content\/uploads\/2022\/06\/About2_01.jpg 630w, https:\/\/kromevye.com.tr\/de\/wp-content\/uploads\/2022\/06\/About2_01-500x460.jpg 500w, https:\/\/kromevye.com.tr\/de\/wp-content\/uploads\/2022\/06\/About2_01-300x276.jpg 300w\" sizes=\"(max-width: 630px) 100vw, 630px\" \/>\t\t\t\t\t\t\t\t\t\t\t\t\t\t\t<\/div>\n\t\t\t\t<\/div>\n\t\t\t\t<div class=\"elementor-element elementor-element-f9cd92e elementor-widget__width-auto elementor-absolute elementor-hidden-laptop elementor-hidden-tablet_extra elementor-hidden-tablet elementor-hidden-mobile_extra elementor-hidden-mobile elementor-widget elementor-widget-image\" data-id=\"f9cd92e\" data-element_type=\"widget\" data-e-type=\"widget\" data-settings=\"{&quot;_position&quot;:&quot;absolute&quot;}\" data-widget_type=\"image.default\">\n\t\t\t\t<div class=\"elementor-widget-container\">\n\t\t\t\t\t\t\t\t\t\t\t\t\t\t\t<img decoding=\"async\" width=\"483\" height=\"518\" src=\"https:\/\/kromevye.com.tr\/de\/wp-content\/uploads\/2022\/06\/About2_02.png\" class=\"attachment-full size-full wp-image-1544\" alt=\"\" srcset=\"https:\/\/kromevye.com.tr\/de\/wp-content\/uploads\/2022\/06\/About2_02.png 483w, https:\/\/kromevye.com.tr\/de\/wp-content\/uploads\/2022\/06\/About2_02-280x300.png 280w\" sizes=\"(max-width: 483px) 100vw, 483px\" \/>\t\t\t\t\t\t\t\t\t\t\t\t\t\t\t<\/div>\n\t\t\t\t<\/div>\n\t\t\t\t\t<\/div>\n\t\t<\/div>\n\t\t\t\t<div class=\"elementor-column elementor-col-50 elementor-top-column elementor-element elementor-element-27e9aba\" data-id=\"27e9aba\" data-element_type=\"column\" data-e-type=\"column\">\n\t\t\t<div class=\"elementor-widget-wrap elementor-element-populated\">\n\t\t\t\t\t\t<div class=\"elementor-element elementor-element-5cea4f6 elementor-widget elementor-widget-heading\" data-id=\"5cea4f6\" data-element_type=\"widget\" data-e-type=\"widget\" data-widget_type=\"heading.default\">\n\t\t\t\t<div class=\"elementor-widget-container\">\n\t\t\t\t\t<h2 class=\"elementor-heading-title elementor-size-default\">Kromevye<\/h2>\t\t\t\t<\/div>\n\t\t\t\t<\/div>\n\t\t\t\t<div class=\"elementor-element elementor-element-9c0e75c elementor-widget__width-initial elementor-widget elementor-widget-heading\" data-id=\"9c0e75c\" data-element_type=\"widget\" data-e-type=\"widget\" data-widget_type=\"heading.default\">\n\t\t\t\t<div class=\"elementor-widget-container\">\n\t\t\t\t\t<h2 class=\"elementor-heading-title elementor-size-default\">KROMEVYE\u2026 Die echte Marke f\u00fcr Sp\u00fclen..<\/h2>\t\t\t\t<\/div>\n\t\t\t\t<\/div>\n\t\t\t\t<div class=\"elementor-element elementor-element-e5e9c04 elementor-widget__width-initial elementor-widget elementor-widget-text-editor\" data-id=\"e5e9c04\" data-element_type=\"widget\" data-e-type=\"widget\" data-widget_type=\"text-editor.default\">\n\t\t\t\t<div class=\"elementor-widget-container\">\n\t\t\t\t\t\t\t\t\t<p data-start=\"785\" data-end=\"1154\">Krom Evye Industry and Trade Inc. wurde 1979 in Istanbul von Herrn Ahmet S\u00dcZG\u00dcN gegr\u00fcndet und ist seit seiner Gr\u00fcndung mit der Marke KROMEVYE das f\u00fchrende Unternehmen f\u00fcr Edelstahl-K\u00fcchensp\u00fclen.<br data-start=\"979\" data-end=\"982\" \/>KROMEVYE, der Pionier der Edelstahlsp\u00fclenproduktion in der T\u00fcrkei, verf\u00fcgt \u00fcber die gr\u00f6\u00dfte und zugleich modernste Produktionslinie f\u00fcr Edelstahl-K\u00fcchensp\u00fclen in der T\u00fcrkei.<\/p><p data-start=\"1156\" data-end=\"1481\" data-is-last-node=\"\" data-is-only-node=\"\">In den auf einer Fl\u00e4che von 23.000 m\u00b2 gelegenen Anlagen mit 16.500 m\u00b2 geschlossener Fl\u00e4che arbeiten rund 160 Mitarbeiter.<br data-start=\"1277\" data-end=\"1280\" \/>KROMEVYE verf\u00fcgt \u00fcber eine Produktionskapazit\u00e4t von 100.000 Edelstahlsp\u00fclen pro Monat.<br data-start=\"1366\" data-end=\"1369\" \/>Die Produktionsqualit\u00e4t von KROMEVYE ist durch die Zertifikate ISO 9001:2008, TSE, CE, BSCI und IAPMO best\u00e4tigt.<\/p>\t\t\t\t\t\t\t\t<\/div>\n\t\t\t\t<\/div>\n\t\t\t\t\t<\/div>\n\t\t<\/div>\n\t\t\t\t\t<\/div>\n\t\t<\/div>\n\t\t\t\t<div class=\"elementor-section elementor-top-section elementor-element elementor-element-12d473b elementor-section-stretched elementor-section-boxed elementor-section-height-default elementor-section-height-default\" data-id=\"12d473b\" data-element_type=\"section\" data-e-type=\"section\" data-settings=\"{&quot;stretch_section&quot;:&quot;section-stretched&quot;}\">\n\t\t\t\t\t\t<div class=\"elementor-container elementor-column-gap-no\">\n\t\t\t\t\t<div class=\"elementor-column elementor-col-100 elementor-top-column elementor-element elementor-element-40ce2b2\" data-id=\"40ce2b2\" data-element_type=\"column\" data-e-type=\"column\">\n\t\t\t<div class=\"elementor-widget-wrap elementor-element-populated\">\n\t\t\t\t\t\t<div class=\"elementor-element elementor-element-b58f8d5 elementor-widget elementor-widget-text-editor\" data-id=\"b58f8d5\" data-element_type=\"widget\" data-e-type=\"widget\" data-widget_type=\"text-editor.default\">\n\t\t\t\t<div class=\"elementor-widget-container\">\n\t\t\t\t\t\t\t\t\t<p data-start=\"0\" data-end=\"850\">Die Designarbeiten und s\u00e4mtliche Formen der von uns produzierten Edelstahl-K\u00fcchensp\u00fclen werden von unseren Ingenieuren in unserer F&amp;E-Abteilung in unserem Werk durchgef\u00fchrt und in unserer eigenen Formenbauabteilung auf CNC-Maschinen gefertigt.<br data-start=\"243\" data-end=\"246\" \/>Seit 47 Jahren ist der Name der K\u00fcchensp\u00fcle in der T\u00fcrkei als KROMEVYE im Ged\u00e4chtnis verankert, indem die Qualit\u00e4t durch die Nutzung von Millionen von Menschen bewiesen wurde. Dar\u00fcber hinaus exportiert KROMEVYE weiterhin KROMEVYE-Produkte in nahezu 40 L\u00e4nder, darunter europ\u00e4ische L\u00e4nder wie Frankreich, Deutschland, Italien, die Schweiz, England, \u00d6sterreich, Tschechien und Ungarn.<br data-start=\"628\" data-end=\"631\" \/>Zus\u00e4tzlich hat KROMEVYE Fabriken in \u00c4gypten, Russland, der Ukraine, Algerien und Marokko gegr\u00fcndet, um die internationale Nachfrage zu bedienen, und setzt die Produktion weiterhin mit ausl\u00e4ndischen Partnerschaften fort.<\/p><p data-start=\"852\" data-end=\"1461\" data-is-last-node=\"\" data-is-only-node=\"\">Herr Ahmet S\u00dcZG\u00dcN setzt den Weg, den er 1979 begonnen hat, heute bei KROMEVYE mit Innovationen und Durchbr\u00fcchen gemeinsam mit der zweiten Managementgeneration fort.<br data-start=\"1016\" data-end=\"1019\" \/>KROMEVYE, das von Grund auf erneuert wurde, arbeitet heute mit einem SAP-basierten Planungs-, Produktions-, Vertriebs- und Finanzmanagementsystem.<br data-start=\"1165\" data-end=\"1168\" \/>Als Marktf\u00fchrer wie seit 47 Jahren fertigt KROMEVYE sowohl Sp\u00fclen, die mit modernsten Automationssystemen hergestellt werden, als auch Sp\u00fclen f\u00fcr das obere Segment, die mit pr\u00e4ziser Handarbeit produziert werden.<br data-start=\"1379\" data-end=\"1382\" \/><strong>Die f\u00fchrende Marke der T\u00fcrkei KROMEVYE &#8230;<\/strong><br data-start=\"1424\" data-end=\"1427\" \/><strong>Immer der Marktf\u00fchrer KROMEVYE<\/strong> &#8230;<\/p>\t\t\t\t\t\t\t\t<\/div>\n\t\t\t\t<\/div>\n\t\t\t\t<div class=\"elementor-element elementor-element-6114657 elementor-widget elementor-widget-text-editor\" data-id=\"6114657\" data-element_type=\"widget\" data-e-type=\"widget\" data-widget_type=\"text-editor.default\">\n\t\t\t\t<div class=\"elementor-widget-container\">\n\t\t\t\t\t\t\t\t\t\n<h4><strong>COMPANY<\/strong><\/h4>\n\n\u00c4gypten (2001)\n\nMarokko (2006)\n\nRussland (2010)\t\t\t\t\t\t\t\t<\/div>\n\t\t\t\t<\/div>\n\t\t\t\t\t<\/div>\n\t\t<\/div>\n\t\t\t\t\t<\/div>\n\t\t<\/div>\n\t\t\t\t<div class=\"elementor-section elementor-top-section elementor-element elementor-element-e3ea202 elementor-section-stretched elementor-section-boxed elementor-section-height-default elementor-section-height-default\" data-id=\"e3ea202\" data-element_type=\"section\" data-e-type=\"section\" data-settings=\"{&quot;stretch_section&quot;:&quot;section-stretched&quot;}\">\n\t\t\t\t\t\t<div class=\"elementor-container elementor-column-gap-no\">\n\t\t\t\t\t<div class=\"elementor-column elementor-col-100 elementor-top-column elementor-element elementor-element-211962e\" data-id=\"211962e\" data-element_type=\"column\" data-e-type=\"column\">\n\t\t\t<div class=\"elementor-widget-wrap elementor-element-populated\">\n\t\t\t\t\t\t<div class=\"elementor-element elementor-element-37a1c93 elementor-widget elementor-widget-heading\" data-id=\"37a1c93\" data-element_type=\"widget\" data-e-type=\"widget\" data-widget_type=\"heading.default\">\n\t\t\t\t<div class=\"elementor-widget-container\">\n\t\t\t\t\t<h4 class=\"elementor-heading-title elementor-size-default\">Krom Evye San. Tic. A.\u015e<\/h4>\t\t\t\t<\/div>\n\t\t\t\t<\/div>\n\t\t\t\t\t<\/div>\n\t\t<\/div>\n\t\t\t\t\t<\/div>\n\t\t<\/div>\n\t\t\t\t<div class=\"elementor-section elementor-top-section elementor-element elementor-element-38d449b elementor-section-stretched elementor-section-boxed elementor-section-height-default elementor-section-height-default\" data-id=\"38d449b\" data-element_type=\"section\" data-e-type=\"section\" data-settings=\"{&quot;stretch_section&quot;:&quot;section-stretched&quot;}\">\n\t\t\t\t\t\t<div class=\"elementor-container elementor-column-gap-no\">\n\t\t\t\t\t<div class=\"elementor-column elementor-col-33 elementor-top-column elementor-element elementor-element-451100d\" data-id=\"451100d\" data-element_type=\"column\" data-e-type=\"column\">\n\t\t\t<div class=\"elementor-widget-wrap elementor-element-populated\">\n\t\t\t\t\t\t<div class=\"elementor-element elementor-element-02b938f elementor-position-inline-start elementor-view-default elementor-mobile-position-block-start elementor-widget elementor-widget-icon-box\" data-id=\"02b938f\" data-element_type=\"widget\" data-e-type=\"widget\" data-widget_type=\"icon-box.default\">\n\t\t\t\t<div class=\"elementor-widget-container\">\n\t\t\t\t\t\t\t<div class=\"elementor-icon-box-wrapper\">\n\n\t\t\t\t\t\t<div class=\"elementor-icon-box-icon\">\n\t\t\t\t<span  class=\"elementor-icon\">\n\t\t\t\t<i aria-hidden=\"true\" class=\"kitchor-icon- kitchor-icon-home1\"><\/i>\t\t\t\t<\/span>\n\t\t\t<\/div>\n\t\t\t\n\t\t\t\t\t\t<div class=\"elementor-icon-box-content\">\n\n\t\t\t\t\t\t\t\t\t<h3 class=\"elementor-icon-box-title\">\n\t\t\t\t\t\t<span  >\n\t\t\t\t\t\t\tAdresse \t\t\t\t\t\t<\/span>\n\t\t\t\t\t<\/h3>\n\t\t\t\t\n\t\t\t\t\t\t\t\t\t<p class=\"elementor-icon-box-description\">\n\t\t\t\t\t\tAk\u00e7aburgaz Mah. 117 Sokak <br>No 19 Esenyurt \u0130STANBUL\/T\u00dcRK\u0130YE\t\t\t\t\t<\/p>\n\t\t\t\t\n\t\t\t<\/div>\n\t\t\t\n\t\t<\/div>\n\t\t\t\t\t\t<\/div>\n\t\t\t\t<\/div>\n\t\t\t\t\t<\/div>\n\t\t<\/div>\n\t\t\t\t<div class=\"elementor-column elementor-col-33 elementor-top-column elementor-element elementor-element-5979e23\" data-id=\"5979e23\" data-element_type=\"column\" data-e-type=\"column\">\n\t\t\t<div class=\"elementor-widget-wrap elementor-element-populated\">\n\t\t\t\t\t\t<div class=\"elementor-element elementor-element-1f74308 elementor-position-inline-start elementor-view-default elementor-mobile-position-block-start elementor-widget elementor-widget-icon-box\" data-id=\"1f74308\" data-element_type=\"widget\" data-e-type=\"widget\" data-widget_type=\"icon-box.default\">\n\t\t\t\t<div class=\"elementor-widget-container\">\n\t\t\t\t\t\t\t<div class=\"elementor-icon-box-wrapper\">\n\n\t\t\t\t\t\t<div class=\"elementor-icon-box-icon\">\n\t\t\t\t<a href=\"mailto:info@kromevye.com.tr\" class=\"elementor-icon\" tabindex=\"-1\" aria-label=\"E-Mail Adresse\">\n\t\t\t\t<svg aria-hidden=\"true\" class=\"e-font-icon-svg e-far-envelope\" viewBox=\"0 0 512 512\" xmlns=\"http:\/\/www.w3.org\/2000\/svg\"><path d=\"M464 64H48C21.49 64 0 85.49 0 112v288c0 26.51 21.49 48 48 48h416c26.51 0 48-21.49 48-48V112c0-26.51-21.49-48-48-48zm0 48v40.805c-22.422 18.259-58.168 46.651-134.587 106.49-16.841 13.247-50.201 45.072-73.413 44.701-23.208.375-56.579-31.459-73.413-44.701C106.18 199.465 70.425 171.067 48 152.805V112h416zM48 400V214.398c22.914 18.251 55.409 43.862 104.938 82.646 21.857 17.205 60.134 55.186 103.062 54.955 42.717.231 80.509-37.199 103.053-54.947 49.528-38.783 82.032-64.401 104.947-82.653V400H48z\"><\/path><\/svg>\t\t\t\t<\/a>\n\t\t\t<\/div>\n\t\t\t\n\t\t\t\t\t\t<div class=\"elementor-icon-box-content\">\n\n\t\t\t\t\t\t\t\t\t<h3 class=\"elementor-icon-box-title\">\n\t\t\t\t\t\t<a href=\"mailto:info@kromevye.com.tr\" >\n\t\t\t\t\t\t\tE-Mail Adresse\t\t\t\t\t\t<\/a>\n\t\t\t\t\t<\/h3>\n\t\t\t\t\n\t\t\t\t\t\t\t\t\t<p class=\"elementor-icon-box-description\">\n\t\t\t\t\t\tinfo@kromevye.com.tr\t\t\t\t\t<\/p>\n\t\t\t\t\n\t\t\t<\/div>\n\t\t\t\n\t\t<\/div>\n\t\t\t\t\t\t<\/div>\n\t\t\t\t<\/div>\n\t\t\t\t\t<\/div>\n\t\t<\/div>\n\t\t\t\t<div class=\"elementor-column elementor-col-33 elementor-top-column elementor-element elementor-element-149ae4a\" data-id=\"149ae4a\" data-element_type=\"column\" data-e-type=\"column\">\n\t\t\t<div class=\"elementor-widget-wrap\">\n\t\t\t\t\t\t\t<\/div>\n\t\t<\/div>\n\t\t\t\t\t<\/div>\n\t\t<\/div>\n\t\t\t\t<\/div>\n\t\t","protected":false},"excerpt":{"rendered":"<p>Kromevye KROMEVYE\u2026 Die echte Marke f\u00fcr Sp\u00fclen.. Krom Evye Industry and Trade Inc. wurde 1979 in Istanbul von Herrn Ahmet S\u00dcZG\u00dcN gegr\u00fcndet und ist seit seiner Gr\u00fcndung mit der Marke KROMEVYE das f\u00fchrende Unternehmen f\u00fcr Edelstahl-K\u00fcchensp\u00fclen.KROMEVYE, der Pionier der Edelstahlsp\u00fclenproduktion in der T\u00fcrkei, verf\u00fcgt \u00fcber die gr\u00f6\u00dfte und zugleich modernste Produktionslinie f\u00fcr Edelstahl-K\u00fcchensp\u00fclen in der [&hellip;]<\/p>\n","protected":false},"author":1,"featured_media":0,"parent":0,"menu_order":0,"comment_status":"closed","ping_status":"closed","template":"template-homepage.php","meta":{"inline_featured_image":false,"footnotes":""},"class_list":["post-34","page","type-page","status-publish","hentry"],"_links":{"self":[{"href":"https:\/\/kromevye.com.tr\/de\/wp-json\/wp\/v2\/pages\/34","targetHints":{"allow":["GET"]}}],"collection":[{"href":"https:\/\/kromevye.com.tr\/de\/wp-json\/wp\/v2\/pages"}],"about":[{"href":"https:\/\/kromevye.com.tr\/de\/wp-json\/wp\/v2\/types\/page"}],"author":[{"embeddable":true,"href":"https:\/\/kromevye.com.tr\/de\/wp-json\/wp\/v2\/users\/1"}],"replies":[{"embeddable":true,"href":"https:\/\/kromevye.com.tr\/de\/wp-json\/wp\/v2\/comments?post=34"}],"version-history":[{"count":78,"href":"https:\/\/kromevye.com.tr\/de\/wp-json\/wp\/v2\/pages\/34\/revisions"}],"predecessor-version":[{"id":25671,"href":"https:\/\/kromevye.com.tr\/de\/wp-json\/wp\/v2\/pages\/34\/revisions\/25671"}],"wp:attachment":[{"href":"https:\/\/kromevye.com.tr\/de\/wp-json\/wp\/v2\/media?parent=34"}],"curies":[{"name":"wp","href":"https:\/\/api.w.org\/{rel}","templated":true}]}}