{"id":18799,"date":"2024-12-04T16:21:19","date_gmt":"2024-12-04T13:21:19","guid":{"rendered":"https:\/\/webdeol.com\/krom\/?page_id=18799"},"modified":"2025-07-30T15:46:53","modified_gmt":"2025-07-30T12:46:53","slug":"faucets","status":"publish","type":"page","link":"https:\/\/kromevye.com.tr\/de\/faucets\/","title":{"rendered":"FAUCETS"},"content":{"rendered":"\t\t<div data-elementor-type=\"wp-page\" data-elementor-id=\"18799\" class=\"elementor elementor-18799\">\n\t\t\t\t\t\t<div class=\"elementor-section elementor-top-section elementor-element elementor-element-12d473b elementor-section-stretched elementor-section-boxed elementor-section-height-default elementor-section-height-default\" data-id=\"12d473b\" data-element_type=\"section\" data-e-type=\"section\" data-settings=\"{&quot;stretch_section&quot;:&quot;section-stretched&quot;}\">\n\t\t\t\t\t\t<div class=\"elementor-container elementor-column-gap-no\">\n\t\t\t\t\t<div class=\"elementor-column elementor-col-100 elementor-top-column elementor-element elementor-element-40ce2b2\" data-id=\"40ce2b2\" data-element_type=\"column\" data-e-type=\"column\">\n\t\t\t<div class=\"elementor-widget-wrap elementor-element-populated\">\n\t\t\t\t\t\t<div class=\"elementor-element elementor-element-46ec957 gallery-spacing-custom AksesuarGaleri elementor-widget elementor-widget-image-gallery\" data-id=\"46ec957\" data-element_type=\"widget\" data-e-type=\"widget\" data-widget_type=\"image-gallery.default\">\n\t\t\t\t<div class=\"elementor-widget-container\">\n\t\t\t\t\t\t\t<div class=\"elementor-image-gallery\">\n\t\t\t<div id='gallery-1' class='gallery galleryid-18799 gallery-columns-4 gallery-size-medium'><figure class='gallery-item'>\n\t\t\t<div class='gallery-icon landscape'>\n\t\t\t\t<a data-elementor-open-lightbox=\"yes\" data-elementor-lightbox-slideshow=\"46ec957\" data-elementor-lightbox-title=\"s617\" data-e-action-hash=\"#elementor-action%3Aaction%3Dlightbox%26settings%3DeyJpZCI6MTg4MDIsInVybCI6Imh0dHBzOlwvXC9rcm9tZXZ5ZS5jb20udHJcL2RlXC93cC1jb250ZW50XC91cGxvYWRzXC8yMDI0XC8xMlwvczYxNy5qcGciLCJzbGlkZXNob3ciOiI0NmVjOTU3In0%3D\" href='https:\/\/kromevye.com.tr\/de\/wp-content\/uploads\/2024\/12\/s617.jpg'><img fetchpriority=\"high\" decoding=\"async\" width=\"300\" height=\"200\" src=\"https:\/\/kromevye.com.tr\/de\/wp-content\/uploads\/2024\/12\/s617-300x200.jpg\" class=\"attachment-medium size-medium\" alt=\"\" aria-describedby=\"gallery-1-18802\" srcset=\"https:\/\/kromevye.com.tr\/de\/wp-content\/uploads\/2024\/12\/s617-300x200.jpg 300w, https:\/\/kromevye.com.tr\/de\/wp-content\/uploads\/2024\/12\/s617-500x333.jpg 500w, https:\/\/kromevye.com.tr\/de\/wp-content\/uploads\/2024\/12\/s617.jpg 600w\" sizes=\"(max-width: 300px) 100vw, 300px\" \/><\/a>\n\t\t\t<\/div>\n\t\t\t\t<figcaption class='wp-caption-text gallery-caption' id='gallery-1-18802'>\n\t\t\t\tS617 Armat\u00fcr\n\t\t\t\t<\/figcaption><\/figure><figure class='gallery-item'>\n\t\t\t<div class='gallery-icon landscape'>\n\t\t\t\t<a data-elementor-open-lightbox=\"yes\" data-elementor-lightbox-slideshow=\"46ec957\" data-elementor-lightbox-title=\"s617-2\" data-e-action-hash=\"#elementor-action%3Aaction%3Dlightbox%26settings%3DeyJpZCI6MTg4MDMsInVybCI6Imh0dHBzOlwvXC9rcm9tZXZ5ZS5jb20udHJcL2RlXC93cC1jb250ZW50XC91cGxvYWRzXC8yMDI0XC8xMlwvczYxNy0yLmpwZyIsInNsaWRlc2hvdyI6IjQ2ZWM5NTcifQ%3D%3D\" href='https:\/\/kromevye.com.tr\/de\/wp-content\/uploads\/2024\/12\/s617-2.jpg'><img decoding=\"async\" width=\"300\" height=\"200\" src=\"https:\/\/kromevye.com.tr\/de\/wp-content\/uploads\/2024\/12\/s617-2-300x200.jpg\" class=\"attachment-medium size-medium\" alt=\"\" aria-describedby=\"gallery-1-18803\" srcset=\"https:\/\/kromevye.com.tr\/de\/wp-content\/uploads\/2024\/12\/s617-2-300x200.jpg 300w, https:\/\/kromevye.com.tr\/de\/wp-content\/uploads\/2024\/12\/s617-2-500x333.jpg 500w, https:\/\/kromevye.com.tr\/de\/wp-content\/uploads\/2024\/12\/s617-2.jpg 600w\" sizes=\"(max-width: 300px) 100vw, 300px\" \/><\/a>\n\t\t\t<\/div>\n\t\t\t\t<figcaption class='wp-caption-text gallery-caption' id='gallery-1-18803'>\n\t\t\t\tS617 Armat\u00fcr &#8211; Teknik \u00c7izim\n\t\t\t\t<\/figcaption><\/figure><figure class='gallery-item'>\n\t\t\t<div class='gallery-icon landscape'>\n\t\t\t\t<a data-elementor-open-lightbox=\"yes\" data-elementor-lightbox-slideshow=\"46ec957\" data-elementor-lightbox-title=\"s618\" data-e-action-hash=\"#elementor-action%3Aaction%3Dlightbox%26settings%3DeyJpZCI6MTg4MDksInVybCI6Imh0dHBzOlwvXC9rcm9tZXZ5ZS5jb20udHJcL2RlXC93cC1jb250ZW50XC91cGxvYWRzXC8yMDI0XC8xMlwvczYxOC5qcGciLCJzbGlkZXNob3ciOiI0NmVjOTU3In0%3D\" href='https:\/\/kromevye.com.tr\/de\/wp-content\/uploads\/2024\/12\/s618.jpg'><img decoding=\"async\" width=\"300\" height=\"200\" src=\"https:\/\/kromevye.com.tr\/de\/wp-content\/uploads\/2024\/12\/s618-300x200.jpg\" class=\"attachment-medium size-medium\" alt=\"\" aria-describedby=\"gallery-1-18809\" srcset=\"https:\/\/kromevye.com.tr\/de\/wp-content\/uploads\/2024\/12\/s618-300x200.jpg 300w, https:\/\/kromevye.com.tr\/de\/wp-content\/uploads\/2024\/12\/s618-500x333.jpg 500w, https:\/\/kromevye.com.tr\/de\/wp-content\/uploads\/2024\/12\/s618.jpg 600w\" sizes=\"(max-width: 300px) 100vw, 300px\" \/><\/a>\n\t\t\t<\/div>\n\t\t\t\t<figcaption class='wp-caption-text gallery-caption' id='gallery-1-18809'>\n\t\t\t\tS618 Armat\u00fcr\n\t\t\t\t<\/figcaption><\/figure><figure class='gallery-item'>\n\t\t\t<div class='gallery-icon landscape'>\n\t\t\t\t<a data-elementor-open-lightbox=\"yes\" data-elementor-lightbox-slideshow=\"46ec957\" data-elementor-lightbox-title=\"s618-2\" data-e-action-hash=\"#elementor-action%3Aaction%3Dlightbox%26settings%3DeyJpZCI6MTg4MDgsInVybCI6Imh0dHBzOlwvXC9rcm9tZXZ5ZS5jb20udHJcL2RlXC93cC1jb250ZW50XC91cGxvYWRzXC8yMDI0XC8xMlwvczYxOC0yLmpwZyIsInNsaWRlc2hvdyI6IjQ2ZWM5NTcifQ%3D%3D\" href='https:\/\/kromevye.com.tr\/de\/wp-content\/uploads\/2024\/12\/s618-2.jpg'><img loading=\"lazy\" decoding=\"async\" width=\"300\" height=\"200\" src=\"https:\/\/kromevye.com.tr\/de\/wp-content\/uploads\/2024\/12\/s618-2-300x200.jpg\" class=\"attachment-medium size-medium\" alt=\"\" aria-describedby=\"gallery-1-18808\" srcset=\"https:\/\/kromevye.com.tr\/de\/wp-content\/uploads\/2024\/12\/s618-2-300x200.jpg 300w, https:\/\/kromevye.com.tr\/de\/wp-content\/uploads\/2024\/12\/s618-2-500x333.jpg 500w, https:\/\/kromevye.com.tr\/de\/wp-content\/uploads\/2024\/12\/s618-2.jpg 600w\" sizes=\"(max-width: 300px) 100vw, 300px\" \/><\/a>\n\t\t\t<\/div>\n\t\t\t\t<figcaption class='wp-caption-text gallery-caption' id='gallery-1-18808'>\n\t\t\t\tS618 Armat\u00fcr &#8211; Teknik \u00c7izim\n\t\t\t\t<\/figcaption><\/figure><figure class='gallery-item'>\n\t\t\t<div class='gallery-icon landscape'>\n\t\t\t\t<a data-elementor-open-lightbox=\"yes\" data-elementor-lightbox-slideshow=\"46ec957\" data-elementor-lightbox-title=\"s619\" data-e-action-hash=\"#elementor-action%3Aaction%3Dlightbox%26settings%3DeyJpZCI6MTg4MTEsInVybCI6Imh0dHBzOlwvXC9rcm9tZXZ5ZS5jb20udHJcL2RlXC93cC1jb250ZW50XC91cGxvYWRzXC8yMDI0XC8xMlwvczYxOS5qcGciLCJzbGlkZXNob3ciOiI0NmVjOTU3In0%3D\" href='https:\/\/kromevye.com.tr\/de\/wp-content\/uploads\/2024\/12\/s619.jpg'><img loading=\"lazy\" decoding=\"async\" width=\"300\" height=\"200\" src=\"https:\/\/kromevye.com.tr\/de\/wp-content\/uploads\/2024\/12\/s619-300x200.jpg\" class=\"attachment-medium size-medium\" alt=\"\" aria-describedby=\"gallery-1-18811\" srcset=\"https:\/\/kromevye.com.tr\/de\/wp-content\/uploads\/2024\/12\/s619-300x200.jpg 300w, https:\/\/kromevye.com.tr\/de\/wp-content\/uploads\/2024\/12\/s619-500x333.jpg 500w, https:\/\/kromevye.com.tr\/de\/wp-content\/uploads\/2024\/12\/s619.jpg 600w\" sizes=\"(max-width: 300px) 100vw, 300px\" \/><\/a>\n\t\t\t<\/div>\n\t\t\t\t<figcaption class='wp-caption-text gallery-caption' id='gallery-1-18811'>\n\t\t\t\tS619 Armat\u00fcr\n\t\t\t\t<\/figcaption><\/figure><figure class='gallery-item'>\n\t\t\t<div class='gallery-icon landscape'>\n\t\t\t\t<a data-elementor-open-lightbox=\"yes\" data-elementor-lightbox-slideshow=\"46ec957\" data-elementor-lightbox-title=\"s619-2\" data-e-action-hash=\"#elementor-action%3Aaction%3Dlightbox%26settings%3DeyJpZCI6MTg4MTIsInVybCI6Imh0dHBzOlwvXC9rcm9tZXZ5ZS5jb20udHJcL2RlXC93cC1jb250ZW50XC91cGxvYWRzXC8yMDI0XC8xMlwvczYxOS0yLmpwZyIsInNsaWRlc2hvdyI6IjQ2ZWM5NTcifQ%3D%3D\" href='https:\/\/kromevye.com.tr\/de\/wp-content\/uploads\/2024\/12\/s619-2.jpg'><img loading=\"lazy\" decoding=\"async\" width=\"300\" height=\"200\" src=\"https:\/\/kromevye.com.tr\/de\/wp-content\/uploads\/2024\/12\/s619-2-300x200.jpg\" class=\"attachment-medium size-medium\" alt=\"\" aria-describedby=\"gallery-1-18812\" srcset=\"https:\/\/kromevye.com.tr\/de\/wp-content\/uploads\/2024\/12\/s619-2-300x200.jpg 300w, https:\/\/kromevye.com.tr\/de\/wp-content\/uploads\/2024\/12\/s619-2-500x333.jpg 500w, https:\/\/kromevye.com.tr\/de\/wp-content\/uploads\/2024\/12\/s619-2.jpg 600w\" sizes=\"(max-width: 300px) 100vw, 300px\" \/><\/a>\n\t\t\t<\/div>\n\t\t\t\t<figcaption class='wp-caption-text gallery-caption' id='gallery-1-18812'>\n\t\t\t\tS619 Armat\u00fcr &#8211; Teknik \u00c7izim\n\t\t\t\t<\/figcaption><\/figure><figure class='gallery-item'>\n\t\t\t<div class='gallery-icon landscape'>\n\t\t\t\t<a data-elementor-open-lightbox=\"yes\" data-elementor-lightbox-slideshow=\"46ec957\" data-elementor-lightbox-title=\"s620\" data-e-action-hash=\"#elementor-action%3Aaction%3Dlightbox%26settings%3DeyJpZCI6MTg4MTMsInVybCI6Imh0dHBzOlwvXC9rcm9tZXZ5ZS5jb20udHJcL2RlXC93cC1jb250ZW50XC91cGxvYWRzXC8yMDI0XC8xMlwvczYyMC5qcGciLCJzbGlkZXNob3ciOiI0NmVjOTU3In0%3D\" href='https:\/\/kromevye.com.tr\/de\/wp-content\/uploads\/2024\/12\/s620.jpg'><img loading=\"lazy\" decoding=\"async\" width=\"300\" height=\"200\" src=\"https:\/\/kromevye.com.tr\/de\/wp-content\/uploads\/2024\/12\/s620-300x200.jpg\" class=\"attachment-medium size-medium\" alt=\"\" aria-describedby=\"gallery-1-18813\" srcset=\"https:\/\/kromevye.com.tr\/de\/wp-content\/uploads\/2024\/12\/s620-300x200.jpg 300w, https:\/\/kromevye.com.tr\/de\/wp-content\/uploads\/2024\/12\/s620-500x333.jpg 500w, https:\/\/kromevye.com.tr\/de\/wp-content\/uploads\/2024\/12\/s620.jpg 600w\" sizes=\"(max-width: 300px) 100vw, 300px\" \/><\/a>\n\t\t\t<\/div>\n\t\t\t\t<figcaption class='wp-caption-text gallery-caption' id='gallery-1-18813'>\n\t\t\t\tS620 Armat\u00fcr\n\t\t\t\t<\/figcaption><\/figure><figure class='gallery-item'>\n\t\t\t<div class='gallery-icon landscape'>\n\t\t\t\t<a data-elementor-open-lightbox=\"yes\" data-elementor-lightbox-slideshow=\"46ec957\" data-elementor-lightbox-title=\"s620-2\" data-e-action-hash=\"#elementor-action%3Aaction%3Dlightbox%26settings%3DeyJpZCI6MTg4MTQsInVybCI6Imh0dHBzOlwvXC9rcm9tZXZ5ZS5jb20udHJcL2RlXC93cC1jb250ZW50XC91cGxvYWRzXC8yMDI0XC8xMlwvczYyMC0yLmpwZyIsInNsaWRlc2hvdyI6IjQ2ZWM5NTcifQ%3D%3D\" href='https:\/\/kromevye.com.tr\/de\/wp-content\/uploads\/2024\/12\/s620-2.jpg'><img loading=\"lazy\" decoding=\"async\" width=\"300\" height=\"200\" src=\"https:\/\/kromevye.com.tr\/de\/wp-content\/uploads\/2024\/12\/s620-2-300x200.jpg\" class=\"attachment-medium size-medium\" alt=\"\" aria-describedby=\"gallery-1-18814\" srcset=\"https:\/\/kromevye.com.tr\/de\/wp-content\/uploads\/2024\/12\/s620-2-300x200.jpg 300w, https:\/\/kromevye.com.tr\/de\/wp-content\/uploads\/2024\/12\/s620-2-500x333.jpg 500w, https:\/\/kromevye.com.tr\/de\/wp-content\/uploads\/2024\/12\/s620-2.jpg 600w\" sizes=\"(max-width: 300px) 100vw, 300px\" \/><\/a>\n\t\t\t<\/div>\n\t\t\t\t<figcaption class='wp-caption-text gallery-caption' id='gallery-1-18814'>\n\t\t\t\tS620 Armat\u00fcr &#8211; Teknik \u00c7izim\n\t\t\t\t<\/figcaption><\/figure><figure class='gallery-item'>\n\t\t\t<div class='gallery-icon landscape'>\n\t\t\t\t<a data-elementor-open-lightbox=\"yes\" data-elementor-lightbox-slideshow=\"46ec957\" data-elementor-lightbox-title=\"s621\" data-e-action-hash=\"#elementor-action%3Aaction%3Dlightbox%26settings%3DeyJpZCI6MTg4MTUsInVybCI6Imh0dHBzOlwvXC9rcm9tZXZ5ZS5jb20udHJcL2RlXC93cC1jb250ZW50XC91cGxvYWRzXC8yMDI0XC8xMlwvczYyMS5qcGciLCJzbGlkZXNob3ciOiI0NmVjOTU3In0%3D\" href='https:\/\/kromevye.com.tr\/de\/wp-content\/uploads\/2024\/12\/s621.jpg'><img loading=\"lazy\" decoding=\"async\" width=\"300\" height=\"200\" src=\"https:\/\/kromevye.com.tr\/de\/wp-content\/uploads\/2024\/12\/s621-300x200.jpg\" class=\"attachment-medium size-medium\" alt=\"\" aria-describedby=\"gallery-1-18815\" srcset=\"https:\/\/kromevye.com.tr\/de\/wp-content\/uploads\/2024\/12\/s621-300x200.jpg 300w, https:\/\/kromevye.com.tr\/de\/wp-content\/uploads\/2024\/12\/s621-500x333.jpg 500w, https:\/\/kromevye.com.tr\/de\/wp-content\/uploads\/2024\/12\/s621.jpg 600w\" sizes=\"(max-width: 300px) 100vw, 300px\" \/><\/a>\n\t\t\t<\/div>\n\t\t\t\t<figcaption class='wp-caption-text gallery-caption' id='gallery-1-18815'>\n\t\t\t\tS621 Armat\u00fcr\n\t\t\t\t<\/figcaption><\/figure><figure class='gallery-item'>\n\t\t\t<div class='gallery-icon landscape'>\n\t\t\t\t<a data-elementor-open-lightbox=\"yes\" data-elementor-lightbox-slideshow=\"46ec957\" data-elementor-lightbox-title=\"s621-2\" data-e-action-hash=\"#elementor-action%3Aaction%3Dlightbox%26settings%3DeyJpZCI6MTg4MTYsInVybCI6Imh0dHBzOlwvXC9rcm9tZXZ5ZS5jb20udHJcL2RlXC93cC1jb250ZW50XC91cGxvYWRzXC8yMDI0XC8xMlwvczYyMS0yLmpwZyIsInNsaWRlc2hvdyI6IjQ2ZWM5NTcifQ%3D%3D\" href='https:\/\/kromevye.com.tr\/de\/wp-content\/uploads\/2024\/12\/s621-2.jpg'><img loading=\"lazy\" decoding=\"async\" width=\"300\" height=\"200\" src=\"https:\/\/kromevye.com.tr\/de\/wp-content\/uploads\/2024\/12\/s621-2-300x200.jpg\" class=\"attachment-medium size-medium\" alt=\"\" aria-describedby=\"gallery-1-18816\" srcset=\"https:\/\/kromevye.com.tr\/de\/wp-content\/uploads\/2024\/12\/s621-2-300x200.jpg 300w, https:\/\/kromevye.com.tr\/de\/wp-content\/uploads\/2024\/12\/s621-2-500x333.jpg 500w, https:\/\/kromevye.com.tr\/de\/wp-content\/uploads\/2024\/12\/s621-2.jpg 600w\" sizes=\"(max-width: 300px) 100vw, 300px\" \/><\/a>\n\t\t\t<\/div>\n\t\t\t\t<figcaption class='wp-caption-text gallery-caption' id='gallery-1-18816'>\n\t\t\t\tS621 Armat\u00fcr &#8211; Teknik \u00c7izim\n\t\t\t\t<\/figcaption><\/figure><figure class='gallery-item'>\n\t\t\t<div class='gallery-icon landscape'>\n\t\t\t\t<a data-elementor-open-lightbox=\"yes\" data-elementor-lightbox-slideshow=\"46ec957\" data-elementor-lightbox-title=\"s622\" data-e-action-hash=\"#elementor-action%3Aaction%3Dlightbox%26settings%3DeyJpZCI6MTg4MTcsInVybCI6Imh0dHBzOlwvXC9rcm9tZXZ5ZS5jb20udHJcL2RlXC93cC1jb250ZW50XC91cGxvYWRzXC8yMDI0XC8xMlwvczYyMi5qcGciLCJzbGlkZXNob3ciOiI0NmVjOTU3In0%3D\" href='https:\/\/kromevye.com.tr\/de\/wp-content\/uploads\/2024\/12\/s622.jpg'><img loading=\"lazy\" decoding=\"async\" width=\"300\" height=\"200\" src=\"https:\/\/kromevye.com.tr\/de\/wp-content\/uploads\/2024\/12\/s622-300x200.jpg\" class=\"attachment-medium size-medium\" alt=\"\" aria-describedby=\"gallery-1-18817\" srcset=\"https:\/\/kromevye.com.tr\/de\/wp-content\/uploads\/2024\/12\/s622-300x200.jpg 300w, https:\/\/kromevye.com.tr\/de\/wp-content\/uploads\/2024\/12\/s622-500x333.jpg 500w, https:\/\/kromevye.com.tr\/de\/wp-content\/uploads\/2024\/12\/s622.jpg 600w\" sizes=\"(max-width: 300px) 100vw, 300px\" \/><\/a>\n\t\t\t<\/div>\n\t\t\t\t<figcaption class='wp-caption-text gallery-caption' id='gallery-1-18817'>\n\t\t\t\tS622 Armat\u00fcr\n\t\t\t\t<\/figcaption><\/figure><figure class='gallery-item'>\n\t\t\t<div class='gallery-icon landscape'>\n\t\t\t\t<a data-elementor-open-lightbox=\"yes\" data-elementor-lightbox-slideshow=\"46ec957\" data-elementor-lightbox-title=\"s622-2\" data-e-action-hash=\"#elementor-action%3Aaction%3Dlightbox%26settings%3DeyJpZCI6MTg4MTgsInVybCI6Imh0dHBzOlwvXC9rcm9tZXZ5ZS5jb20udHJcL2RlXC93cC1jb250ZW50XC91cGxvYWRzXC8yMDI0XC8xMlwvczYyMi0yLmpwZyIsInNsaWRlc2hvdyI6IjQ2ZWM5NTcifQ%3D%3D\" href='https:\/\/kromevye.com.tr\/de\/wp-content\/uploads\/2024\/12\/s622-2.jpg'><img loading=\"lazy\" decoding=\"async\" width=\"300\" height=\"200\" src=\"https:\/\/kromevye.com.tr\/de\/wp-content\/uploads\/2024\/12\/s622-2-300x200.jpg\" class=\"attachment-medium size-medium\" alt=\"\" aria-describedby=\"gallery-1-18818\" srcset=\"https:\/\/kromevye.com.tr\/de\/wp-content\/uploads\/2024\/12\/s622-2-300x200.jpg 300w, https:\/\/kromevye.com.tr\/de\/wp-content\/uploads\/2024\/12\/s622-2-500x333.jpg 500w, https:\/\/kromevye.com.tr\/de\/wp-content\/uploads\/2024\/12\/s622-2.jpg 600w\" sizes=\"(max-width: 300px) 100vw, 300px\" \/><\/a>\n\t\t\t<\/div>\n\t\t\t\t<figcaption class='wp-caption-text gallery-caption' id='gallery-1-18818'>\n\t\t\t\tS622 Armat\u00fcr &#8211; Teknik \u00c7izim\n\t\t\t\t<\/figcaption><\/figure><figure class='gallery-item'>\n\t\t\t<div class='gallery-icon landscape'>\n\t\t\t\t<a data-elementor-open-lightbox=\"yes\" data-elementor-lightbox-slideshow=\"46ec957\" data-elementor-lightbox-title=\"s623\" data-e-action-hash=\"#elementor-action%3Aaction%3Dlightbox%26settings%3DeyJpZCI6MTg4MTksInVybCI6Imh0dHBzOlwvXC9rcm9tZXZ5ZS5jb20udHJcL2RlXC93cC1jb250ZW50XC91cGxvYWRzXC8yMDI0XC8xMlwvczYyMy5qcGciLCJzbGlkZXNob3ciOiI0NmVjOTU3In0%3D\" href='https:\/\/kromevye.com.tr\/de\/wp-content\/uploads\/2024\/12\/s623.jpg'><img loading=\"lazy\" decoding=\"async\" width=\"300\" height=\"200\" src=\"https:\/\/kromevye.com.tr\/de\/wp-content\/uploads\/2024\/12\/s623-300x200.jpg\" class=\"attachment-medium size-medium\" alt=\"\" aria-describedby=\"gallery-1-18819\" srcset=\"https:\/\/kromevye.com.tr\/de\/wp-content\/uploads\/2024\/12\/s623-300x200.jpg 300w, https:\/\/kromevye.com.tr\/de\/wp-content\/uploads\/2024\/12\/s623-500x333.jpg 500w, https:\/\/kromevye.com.tr\/de\/wp-content\/uploads\/2024\/12\/s623.jpg 600w\" sizes=\"(max-width: 300px) 100vw, 300px\" \/><\/a>\n\t\t\t<\/div>\n\t\t\t\t<figcaption class='wp-caption-text gallery-caption' id='gallery-1-18819'>\n\t\t\t\tS623 Armat\u00fcr\n\t\t\t\t<\/figcaption><\/figure><figure class='gallery-item'>\n\t\t\t<div class='gallery-icon landscape'>\n\t\t\t\t<a data-elementor-open-lightbox=\"yes\" data-elementor-lightbox-slideshow=\"46ec957\" data-elementor-lightbox-title=\"s623-2\" data-e-action-hash=\"#elementor-action%3Aaction%3Dlightbox%26settings%3DeyJpZCI6MTg4MjAsInVybCI6Imh0dHBzOlwvXC9rcm9tZXZ5ZS5jb20udHJcL2RlXC93cC1jb250ZW50XC91cGxvYWRzXC8yMDI0XC8xMlwvczYyMy0yLmpwZyIsInNsaWRlc2hvdyI6IjQ2ZWM5NTcifQ%3D%3D\" href='https:\/\/kromevye.com.tr\/de\/wp-content\/uploads\/2024\/12\/s623-2.jpg'><img loading=\"lazy\" decoding=\"async\" width=\"300\" height=\"200\" src=\"https:\/\/kromevye.com.tr\/de\/wp-content\/uploads\/2024\/12\/s623-2-300x200.jpg\" class=\"attachment-medium size-medium\" alt=\"\" aria-describedby=\"gallery-1-18820\" srcset=\"https:\/\/kromevye.com.tr\/de\/wp-content\/uploads\/2024\/12\/s623-2-300x200.jpg 300w, https:\/\/kromevye.com.tr\/de\/wp-content\/uploads\/2024\/12\/s623-2-500x333.jpg 500w, https:\/\/kromevye.com.tr\/de\/wp-content\/uploads\/2024\/12\/s623-2.jpg 600w\" sizes=\"(max-width: 300px) 100vw, 300px\" \/><\/a>\n\t\t\t<\/div>\n\t\t\t\t<figcaption class='wp-caption-text gallery-caption' id='gallery-1-18820'>\n\t\t\t\tS623 Armat\u00fcr &#8211; Teknik \u00c7izim\n\t\t\t\t<\/figcaption><\/figure><figure class='gallery-item'>\n\t\t\t<div class='gallery-icon landscape'>\n\t\t\t\t<a data-elementor-open-lightbox=\"yes\" data-elementor-lightbox-slideshow=\"46ec957\" data-elementor-lightbox-title=\"s624\" data-e-action-hash=\"#elementor-action%3Aaction%3Dlightbox%26settings%3DeyJpZCI6MTg4MjEsInVybCI6Imh0dHBzOlwvXC9rcm9tZXZ5ZS5jb20udHJcL2RlXC93cC1jb250ZW50XC91cGxvYWRzXC8yMDI0XC8xMlwvczYyNC5qcGciLCJzbGlkZXNob3ciOiI0NmVjOTU3In0%3D\" href='https:\/\/kromevye.com.tr\/de\/wp-content\/uploads\/2024\/12\/s624.jpg'><img loading=\"lazy\" decoding=\"async\" width=\"300\" height=\"200\" src=\"https:\/\/kromevye.com.tr\/de\/wp-content\/uploads\/2024\/12\/s624-300x200.jpg\" class=\"attachment-medium size-medium\" alt=\"\" aria-describedby=\"gallery-1-18821\" srcset=\"https:\/\/kromevye.com.tr\/de\/wp-content\/uploads\/2024\/12\/s624-300x200.jpg 300w, https:\/\/kromevye.com.tr\/de\/wp-content\/uploads\/2024\/12\/s624-500x333.jpg 500w, https:\/\/kromevye.com.tr\/de\/wp-content\/uploads\/2024\/12\/s624.jpg 600w\" sizes=\"(max-width: 300px) 100vw, 300px\" \/><\/a>\n\t\t\t<\/div>\n\t\t\t\t<figcaption class='wp-caption-text gallery-caption' id='gallery-1-18821'>\n\t\t\t\tS624 Armat\u00fcr\n\t\t\t\t<\/figcaption><\/figure><figure class='gallery-item'>\n\t\t\t<div class='gallery-icon landscape'>\n\t\t\t\t<a data-elementor-open-lightbox=\"yes\" data-elementor-lightbox-slideshow=\"46ec957\" data-elementor-lightbox-title=\"s624-2\" data-e-action-hash=\"#elementor-action%3Aaction%3Dlightbox%26settings%3DeyJpZCI6MTg4MTAsInVybCI6Imh0dHBzOlwvXC9rcm9tZXZ5ZS5jb20udHJcL2RlXC93cC1jb250ZW50XC91cGxvYWRzXC8yMDI0XC8xMlwvczYyNC0yLmpwZyIsInNsaWRlc2hvdyI6IjQ2ZWM5NTcifQ%3D%3D\" href='https:\/\/kromevye.com.tr\/de\/wp-content\/uploads\/2024\/12\/s624-2.jpg'><img loading=\"lazy\" decoding=\"async\" width=\"300\" height=\"200\" src=\"https:\/\/kromevye.com.tr\/de\/wp-content\/uploads\/2024\/12\/s624-2-300x200.jpg\" class=\"attachment-medium size-medium\" alt=\"\" aria-describedby=\"gallery-1-18810\" srcset=\"https:\/\/kromevye.com.tr\/de\/wp-content\/uploads\/2024\/12\/s624-2-300x200.jpg 300w, https:\/\/kromevye.com.tr\/de\/wp-content\/uploads\/2024\/12\/s624-2-500x333.jpg 500w, https:\/\/kromevye.com.tr\/de\/wp-content\/uploads\/2024\/12\/s624-2.jpg 600w\" sizes=\"(max-width: 300px) 100vw, 300px\" \/><\/a>\n\t\t\t<\/div>\n\t\t\t\t<figcaption class='wp-caption-text gallery-caption' id='gallery-1-18810'>\n\t\t\t\tS624 Armat\u00fcr &#8211; Teknik \u00c7izim\n\t\t\t\t<\/figcaption><\/figure>\n\t\t<\/div>\n\t\t<\/div>\n\t\t\t\t\t\t<\/div>\n\t\t\t\t<\/div>\n\t\t\t\t\t<\/div>\n\t\t<\/div>\n\t\t\t\t\t<\/div>\n\t\t<\/div>\n\t\t\t\t<\/div>\n\t\t","protected":false},"excerpt":{"rendered":"<p>S617 Armat\u00fcr S617 Armat\u00fcr &#8211; Teknik \u00c7izim S618 Armat\u00fcr S618 Armat\u00fcr &#8211; Teknik \u00c7izim S619 Armat\u00fcr S619 Armat\u00fcr &#8211; Teknik \u00c7izim S620 Armat\u00fcr S620 Armat\u00fcr &#8211; Teknik \u00c7izim S621 Armat\u00fcr S621 Armat\u00fcr &#8211; Teknik \u00c7izim S622 Armat\u00fcr S622 Armat\u00fcr &#8211; Teknik \u00c7izim S623 Armat\u00fcr S623 Armat\u00fcr &#8211; Teknik \u00c7izim S624 Armat\u00fcr S624 Armat\u00fcr &#8211; Teknik [&hellip;]<\/p>\n","protected":false},"author":1,"featured_media":0,"parent":0,"menu_order":0,"comment_status":"closed","ping_status":"closed","template":"template-homepage.php","meta":{"inline_featured_image":false,"footnotes":""},"class_list":["post-18799","page","type-page","status-publish","hentry"],"_links":{"self":[{"href":"https:\/\/kromevye.com.tr\/de\/wp-json\/wp\/v2\/pages\/18799","targetHints":{"allow":["GET"]}}],"collection":[{"href":"https:\/\/kromevye.com.tr\/de\/wp-json\/wp\/v2\/pages"}],"about":[{"href":"https:\/\/kromevye.com.tr\/de\/wp-json\/wp\/v2\/types\/page"}],"author":[{"embeddable":true,"href":"https:\/\/kromevye.com.tr\/de\/wp-json\/wp\/v2\/users\/1"}],"replies":[{"embeddable":true,"href":"https:\/\/kromevye.com.tr\/de\/wp-json\/wp\/v2\/comments?post=18799"}],"version-history":[{"count":9,"href":"https:\/\/kromevye.com.tr\/de\/wp-json\/wp\/v2\/pages\/18799\/revisions"}],"predecessor-version":[{"id":25459,"href":"https:\/\/kromevye.com.tr\/de\/wp-json\/wp\/v2\/pages\/18799\/revisions\/25459"}],"wp:attachment":[{"href":"https:\/\/kromevye.com.tr\/de\/wp-json\/wp\/v2\/media?parent=18799"}],"curies":[{"name":"wp","href":"https:\/\/api.w.org\/{rel}","templated":true}]}}