{"id":15940,"date":"2024-10-31T12:41:33","date_gmt":"2024-10-31T09:41:33","guid":{"rendered":"https:\/\/webdeol.com\/krom\/?page_id=15940"},"modified":"2025-12-19T21:36:19","modified_gmt":"2025-12-19T18:36:19","slug":"warum-kromevye","status":"publish","type":"page","link":"https:\/\/kromevye.com.tr\/de\/warum-kromevye\/","title":{"rendered":"Warum Kromevye?"},"content":{"rendered":"\t\t<div data-elementor-type=\"wp-page\" data-elementor-id=\"15940\" class=\"elementor elementor-15940\">\n\t\t\t\t<div class=\"elementor-element elementor-element-79418daa e-con-full e-flex e-con e-parent\" data-id=\"79418daa\" data-element_type=\"container\" data-e-type=\"container\">\n\t\t<div class=\"elementor-element elementor-element-f471710 e-flex e-con-boxed e-con e-child\" data-id=\"f471710\" data-element_type=\"container\" data-e-type=\"container\">\n\t\t\t\t\t<div class=\"e-con-inner\">\n\t\t\t\t<div class=\"elementor-element elementor-element-f189ccf elementor-widget elementor-widget-text-editor\" data-id=\"f189ccf\" data-element_type=\"widget\" data-e-type=\"widget\" data-widget_type=\"text-editor.default\">\n\t\t\t\t<div class=\"elementor-widget-container\">\n\t\t\t\t\t\t\t\t\t<p><strong>Warum sollte man sich f\u00fcr eine K\u00fcchensp\u00fcle aus Edelstahl entscheiden?<\/strong><\/p><p>\u2022 H\u00e4rter und haltbarer als Porzellan\/Gusseisen. Widerstandsf\u00e4higer als Verbundwerkstoffe, unzerbrechlich und rissfest..<br \/>\u2022 Bleibt gl\u00e4nzend; wird nicht rostfrei, fleckenunempfindlich und verblasst nicht.<br \/><br \/>Es besitzt eine kratzfeste Oberfl\u00e4che.<br \/>Die handpolierte Oberfl\u00e4che beh\u00e4lt ihren Glanz auch nach l\u00e4ngerer Zeit.<br \/><br \/>\u2022 STOSSD\u00c4MPFUNG; Es wirkt als Puffer gegen das Zerbrechen von Edelstahlbechern und -tellern.<br \/><br \/>\u2022 LEICHT ZU REINIGEN; Edelstahl beh\u00e4lt seinen urspr\u00fcnglichen Glanz, wenn er mit handels\u00fcblichen Reinigungsmitteln und einem weichen Tuch gereinigt wird. Seine hygienische Oberfl\u00e4che ist ein weiterer Grund, auf KROMEVYE-Edelstahl zu vertrauen.<br \/><br \/>\u2022 MEHR FASSUNGSVERM\u00d6GEN; Die St\u00e4rke und Flexibilit\u00e4t von Edelstahl erm\u00f6glicht den Bau tieferer Sp\u00fclbecken. Es ist vielseitiger einsetzbar als Gusseisen oder Porzellan.<br \/><br \/>\u2022 PERFEKTE DEKORATION: Seine klaren Linien und die k\u00fchle Optik harmonieren mit den Farben und der Einrichtung der Umgebung. Edelstahl passt auch dann noch zu Ihrer Einrichtung, wenn modische Farben l\u00e4ngst aus der Mode gekommen sind.<br \/><br \/>\u2022 MATERIAL; AISI 304 BA &amp; CR &#8211; NIC.18\/10 Edelstahl..<\/p>\t\t\t\t\t\t\t\t<\/div>\n\t\t\t\t<\/div>\n\t\t\t\t\t<\/div>\n\t\t\t\t<\/div>\n\t\t<div class=\"elementor-element elementor-element-5739872 e-flex e-con-boxed e-con e-child\" data-id=\"5739872\" data-element_type=\"container\" data-e-type=\"container\">\n\t\t\t\t\t<div class=\"e-con-inner\">\n\t\t\t\t<div class=\"elementor-element elementor-element-f099036 elementor-widget elementor-widget-image\" data-id=\"f099036\" data-element_type=\"widget\" data-e-type=\"widget\" data-widget_type=\"image.default\">\n\t\t\t\t<div class=\"elementor-widget-container\">\n\t\t\t\t\t\t\t\t\t\t\t\t\t\t\t<img fetchpriority=\"high\" decoding=\"async\" width=\"880\" height=\"601\" src=\"https:\/\/kromevye.com.tr\/de\/wp-content\/uploads\/2023\/07\/gallery-n6.jpg\" class=\"attachment-large size-large wp-image-15834\" alt=\"\" srcset=\"https:\/\/kromevye.com.tr\/de\/wp-content\/uploads\/2023\/07\/gallery-n6.jpg 880w, https:\/\/kromevye.com.tr\/de\/wp-content\/uploads\/2023\/07\/gallery-n6-500x341.jpg 500w, https:\/\/kromevye.com.tr\/de\/wp-content\/uploads\/2023\/07\/gallery-n6-300x205.jpg 300w, https:\/\/kromevye.com.tr\/de\/wp-content\/uploads\/2023\/07\/gallery-n6-768x525.jpg 768w\" sizes=\"(max-width: 880px) 100vw, 880px\" \/>\t\t\t\t\t\t\t\t\t\t\t\t\t\t\t<\/div>\n\t\t\t\t<\/div>\n\t\t\t\t\t<\/div>\n\t\t\t\t<\/div>\n\t\t\t\t<\/div>\n\t\t\t\t<\/div>\n\t\t","protected":false},"excerpt":{"rendered":"<p>Warum sollte man sich f\u00fcr eine K\u00fcchensp\u00fcle aus Edelstahl entscheiden? \u2022 H\u00e4rter und haltbarer als Porzellan\/Gusseisen. Widerstandsf\u00e4higer als Verbundwerkstoffe, unzerbrechlich und rissfest..\u2022 Bleibt gl\u00e4nzend; wird nicht rostfrei, fleckenunempfindlich und verblasst nicht. Es besitzt eine kratzfeste Oberfl\u00e4che.Die handpolierte Oberfl\u00e4che beh\u00e4lt ihren Glanz auch nach l\u00e4ngerer Zeit. \u2022 STOSSD\u00c4MPFUNG; Es wirkt als Puffer gegen das Zerbrechen von [&hellip;]<\/p>\n","protected":false},"author":1,"featured_media":0,"parent":0,"menu_order":0,"comment_status":"closed","ping_status":"closed","template":"","meta":{"inline_featured_image":false,"footnotes":""},"class_list":["post-15940","page","type-page","status-publish","hentry"],"_links":{"self":[{"href":"https:\/\/kromevye.com.tr\/de\/wp-json\/wp\/v2\/pages\/15940","targetHints":{"allow":["GET"]}}],"collection":[{"href":"https:\/\/kromevye.com.tr\/de\/wp-json\/wp\/v2\/pages"}],"about":[{"href":"https:\/\/kromevye.com.tr\/de\/wp-json\/wp\/v2\/types\/page"}],"author":[{"embeddable":true,"href":"https:\/\/kromevye.com.tr\/de\/wp-json\/wp\/v2\/users\/1"}],"replies":[{"embeddable":true,"href":"https:\/\/kromevye.com.tr\/de\/wp-json\/wp\/v2\/comments?post=15940"}],"version-history":[{"count":18,"href":"https:\/\/kromevye.com.tr\/de\/wp-json\/wp\/v2\/pages\/15940\/revisions"}],"predecessor-version":[{"id":25696,"href":"https:\/\/kromevye.com.tr\/de\/wp-json\/wp\/v2\/pages\/15940\/revisions\/25696"}],"wp:attachment":[{"href":"https:\/\/kromevye.com.tr\/de\/wp-json\/wp\/v2\/media?parent=15940"}],"curies":[{"name":"wp","href":"https:\/\/api.w.org\/{rel}","templated":true}]}}